{"id":2078,"date":"2013-02-05T03:25:30","date_gmt":"2013-02-05T02:25:30","guid":{"rendered":"http:\/\/www.paolotosetto.it\/?page_id=2078"},"modified":"2019-10-12T14:24:50","modified_gmt":"2019-10-12T12:24:50","slug":"2078-2","status":"publish","type":"page","link":"https:\/\/www.paolotosetto.it\/?page_id=2078","title":{"rendered":"TRUCCO Semi-Permanente   Sopracciglia"},"content":{"rendered":"<p><strong><em><br \/>\n<\/em><\/strong><\/p>\n<h4>Il ritocco dell&#8217; arco sopraccigliare \u00e8 il cambiamento pi\u00f9 immediato che chiunque\u00a0 pu\u00f2 ottenere nel tentativo di migliorare il proprio aspetto .<\/h4>\n<h4>E&#8217; il pi\u00f9 diffuso tra tutti\u00a0 e\u00a0 viene effettuato da Paolo non tracciando righe innaturali per poi colorarne tutto l&#8217;interno, la sua tecnica \u00e8 tridimensionale: imprimendo con il dermografo piccoli trattini in direzione del pelo naturale del sopracciglio e con colori differenti, che donano un effetto luce chiaro-scuro.<\/h4>\n<h4>Sar\u00e0 difficile poi notare la differenza da quello naturale. Certo sar\u00e0 ovviamente perfezionato il sopracciglio, delineato, corposo, disegnato in perfetta simmetria, ma non avr\u00e0 mai un effetto innaturale.<\/h4>\n<h4>Si doner\u00e0 cos\u00ec nuova forma alla linea madre delle sopracciglia, per garantire al 100% il mantenimento della propria mimica facciale. Solo un po&#8217; pi\u00f9 bella&#8230;.<\/h4>\n<p>&nbsp;<\/p>\n<h4><\/h4>\n<h4><span style=\"color: #ff0000;\"><strong>Perch\u00e9 farlo?<\/strong><\/span><\/h4>\n<h4><\/h4>\n<ol>\n<li><strong>Per correggere o nascondere difetti come cicatrici o ustioni.<\/strong><\/li>\n<li>\n<h4>\u00a0Per aumentare la profondit\u00e0 dello sguardo.<\/h4>\n<\/li>\n<li>\n<h4>\u00a0Per non preoccuparsi pi\u00f9 di prestare massima attenzione quando ci si depila le sopracciglia: avendo il trucco permanente non ci sar\u00e0 possibilit\u00e0 di sbagliare nel tirar via con la pinzetta i peli in eccesso.<\/h4>\n<\/li>\n<li>\n<h4>\u00a0Per chi ha le sopracciglia chiarissime.<\/h4>\n<\/li>\n<li>\n<h4>\u00a0Per chi le ha asimmetriche.<\/h4>\n<\/li>\n<li>\n<h4>\u00a0Per chi le ha rovinate con continue depilazioni estetiche.<\/h4>\n<\/li>\n<li>\n<h4>\u00a0Per chi le ha diradate.<\/h4>\n<\/li>\n<li>\n<h4>\u00a0Per chi non le ha proprio.<\/h4>\n<\/li>\n<\/ol>\n<p>&nbsp;<\/p>\n<p>&nbsp;<\/p>\n","protected":false},"excerpt":{"rendered":"<p>Il ritocco dell&#8217; arco sopraccigliare \u00e8 il cambiamento pi\u00f9 immediato che chiunque\u00a0 pu\u00f2 ottenere nel tentativo di migliorare il proprio aspetto . E&#8217; il pi\u00f9 diffuso tra tutti\u00a0 e\u00a0 viene effettuato da Paolo non tracciando righe innaturali per poi colorarne tutto l&#8217;interno, la sua tecnica \u00e8 tridimensionale: imprimendo con il dermografo piccoli trattini in direzione&#8230; <\/p>\n<div class=\"read-more navbutton\"><a href=\"https:\/\/www.paolotosetto.it\/?page_id=2078\">Leggi tutto<i class=\"fa fa-angle-double-right\"><\/i><\/a><\/div>\n","protected":false},"author":1,"featured_media":0,"parent":0,"menu_order":0,"comment_status":"closed","ping_status":"closed","template":"page-templates\/full-width.php","meta":[],"_links":{"self":[{"href":"https:\/\/www.paolotosetto.it\/index.php?rest_route=\/wp\/v2\/pages\/2078"}],"collection":[{"href":"https:\/\/www.paolotosetto.it\/index.php?rest_route=\/wp\/v2\/pages"}],"about":[{"href":"https:\/\/www.paolotosetto.it\/index.php?rest_route=\/wp\/v2\/types\/page"}],"author":[{"embeddable":true,"href":"https:\/\/www.paolotosetto.it\/index.php?rest_route=\/wp\/v2\/users\/1"}],"replies":[{"embeddable":true,"href":"https:\/\/www.paolotosetto.it\/index.php?rest_route=%2Fwp%2Fv2%2Fcomments&post=2078"}],"version-history":[{"count":55,"href":"https:\/\/www.paolotosetto.it\/index.php?rest_route=\/wp\/v2\/pages\/2078\/revisions"}],"predecessor-version":[{"id":5136,"href":"https:\/\/www.paolotosetto.it\/index.php?rest_route=\/wp\/v2\/pages\/2078\/revisions\/5136"}],"wp:attachment":[{"href":"https:\/\/www.paolotosetto.it\/index.php?rest_route=%2Fwp%2Fv2%2Fmedia&parent=2078"}],"curies":[{"name":"wp","href":"https:\/\/api.w.org\/{rel}","templated":true}]}}