{"id":1776,"date":"2013-02-02T04:49:12","date_gmt":"2013-02-02T03:49:12","guid":{"rendered":"http:\/\/www.paolotosetto.it\/?page_id=1776"},"modified":"2022-03-13T17:21:10","modified_gmt":"2022-03-13T16:21:10","slug":"trucco-permanente-2","status":"publish","type":"page","link":"https:\/\/www.paolotosetto.it\/?page_id=1776","title":{"rendered":"Trucco semi-permanente"},"content":{"rendered":"<p>&nbsp;<\/p>\n<p>&nbsp;<\/p>\n<h4><span style=\"color: #ff0000;\"><strong>Cos&#8217;\u00e8?<\/strong><\/span><\/h4>\n<h4>E una bellissima tecnica effettuata con dermografo che in sole due sedute permette di migliorare, delineare o correggere labbra, occhi, sopracciglia tramite innesto sottocutaneo di colore.<\/h4>\n<p>&nbsp;<\/p>\n<h4><span style=\"color: #ff0000;\"><strong>Come?<\/strong><\/span><\/h4>\n<h4>Come un vero e proprio tatuaggio ma con \u201ccolori\u201d e strumenti diversi, specifici per il derma del viso.<\/h4>\n<h4>Comodo e pratico, consente di essere in ordine in qualsiasi momento della giornata , al lavoro, in palestra, in piscina, al mare, in occasioni speciali, quando al mattino non si ha proprio il tempo per truccarsi!<\/h4>\n<h4>Il trucco permanente \u00e8 richiesto con ottimi risultati da donne e uomini di qualsiasi et\u00e0 :\u2028 Le donne che si truccano abitualmente scelgono il trucco permanente, pur continuandosi a truccare come d\u2019abitudine, sicure del fatto di essere sempre in ordine visto che il trucco cosmetico tende a svanire velocemente.\u2028E\u2019 sempre pi\u00f9 richiesto dalle donne che per ragioni di lavoro e famiglia hanno poco tempo da dedicare al trucco , o semplicemente che non sanno truccarsi ma non vogliono rinunciare ad essere in ordine e femminili.\u2028Piace molto alle donne che amano mantenere l\u2019effetto \u201cacqua e sapone\u201d perch\u00e9 con il trucco permanente si possono valorizzare, per esempio, delle labbra molto sottili con dei colori simili al labbro stesso ,quasi da assomigliare ad un labbro naturale, si possono infoltire le ciglia, senza ricorrere alla conosciuta eye-liner (pi\u00f9 adatta alle donne che si truccano abitualmente) che dona profondit\u00e0 allo sguardo senza appesantirlo.<\/h4>\n<p>&nbsp;<\/p>\n<h4><span style=\"color: #ff0000;\"><strong>Perch\u00e9 farlo?<\/strong><\/span><\/h4>\n<h4><\/h4>\n<h4>&#8211; Per correggere eventuali piccoli difetti<\/h4>\n<h4>&#8211; Per risolvere il problema dell\u2019allergia ai prodotti cosmetici convenzionali mentre con la tecnica del trucco permanente, le cause comprovate di reazione\u00a0\u00a0 allergica sono rarissime o addirittura nulle in quanto i prodotti utilizzati da veri professionisti come Paolo Tosetto, sono tutti controllati e\u00a0 rispondono conformemente alle vigenti norme in materia. Infatti la composizione dei prodotti assunti \u00e8 assolutamente atossica perch\u00e9 i pigmenti (colori minerali) che si utilizzano sono testati e sterilizzati.<\/h4>\n<h4>&#8211; Per uomini che vogliono migliorare o modificare la propria arcata sopraccigliare donando un aspetto nuovo al proprio volto, mantenendo la priorit\u00e0 delle linee naturali del sopracciglio stesso.<\/h4>\n<h4>&#8211; Per le persone che hanno difficolt\u00e0 nel truccarsi, o semplicemente non sanno farlo.<\/h4>\n<h4>&#8211; Per chi porta gli occhiali.<\/h4>\n<h4>&#8211; Per le sportive che vogliono un trucco resistente all\u2019acqua ed al sudore.<\/h4>\n<h4>&#8211; Per chi porta le lenti a contatto<\/h4>\n<h4>&#8211; Per chi al mattino non ha mai tempo. Una mamma che lavora deve esser \u201csuper svelta\u201d gi\u00e0 di buonora. Perch\u00e9 rinunciare ad esser pi\u00f9 femminili? Con il trucco permanente ci si sveglia al mattino gi\u00e0 pronte per tutto il giorno.<\/h4>\n<h4>&#8211; Si possono trattare Occhi, bocca e sopracciglia e anche altre zone del corpo, per es: le areole mammarie<\/h4>\n<h4><\/h4>\n<h4><span style=\"color: #ff0000;\"><strong>Come funziona?<\/strong><\/span><\/h4>\n<h4>In due sedute.<\/h4>\n<h4>Nella prima viene disegnata la parte del corpo interessata nel modo e nelle forme richieste da chi si sottopone al trattamento dal professionista (Paolo \u00e8 nel campo da 20 anni e sa ben valutare e consigliare proporzioni e linee!). Arrivati all&#8217;ok, si realizza l&#8217;ultima fase del lavoro: il tatuaggio.<\/h4>\n<h4>Naturalmente tutto il materiale utilizzato \u00e8 monouso e sterile.<\/h4>\n<h4>Concluso il tutto, verr\u00e0 applicata sulle parti interessate una pasta specifica, lenitiva.<\/h4>\n<h4>Nelle prime due ore dopo il trattamento vengono rifiutati 1\/3 dei pigmenti. I 2\/3 dei pigmenti restanti si distribuiscono nello strato base cellulare.<\/h4>\n<h4>La seconda seduta avviene all&#8217;incirca un mese dopo la prima e prevede un cosiddetto \u201cripasso\u201d del lavoro precedentemente effettuato.<\/h4>\n<h4>Non sempre \u00e8 necessario ma il risultato finale dipende da molti fattori: l&#8217;et\u00e0, l&#8217;esposizione prolungata ai raggi solari (UV) o il grado del Ph (acidit\u00e0 della pelle).<\/h4>\n<h4>Il ripasso consiste nel completare il \u201ctatuaggio\u201d dando una seconda mano di colore con la stessa tecnica effettuata nella prima seduta.<\/h4>\n<h4>Qualora il professionista non ritenesse necessaria la seconda applicazione di colore, il cliente verr\u00e0 comunque sottoposto a controllo minuzioso di particolari, dettagli e procedimenti di guarigione.<\/h4>\n<p>&nbsp;<\/p>\n<h4><span style=\"color: #ff0000;\"><strong>Quanto durer\u00e0?<\/strong><\/span><\/h4>\n<h4>Difficile a dirsi.<\/h4>\n<h4>Dipende dall&#8217;et\u00e0 di chi vi si sottopone in quanto una persona in et\u00e0 avanzata ha per natura un ricambio cellulare molto rallentato rispetto ad una persona in giovane et\u00e0. Mediamente per\u00f2 si pu\u00f2 dire che il trucco permanente dura dai 1 ai\u00a02 anni. Il colore avr\u00e0 durata diversa a seconda della parte del corpo trattata.<\/h4>\n<p><a href=\"http:\/\/www.paolotosetto.it\/?page_id=2224\" rel=\"attachment wp-att-2834\">\u00a0 \u00a0 \u00a0\u00a0\u00a0<\/a><\/p>\n","protected":false},"excerpt":{"rendered":"<p>&nbsp; &nbsp; Cos&#8217;\u00e8? E una bellissima tecnica effettuata con dermografo che in sole due sedute permette di migliorare, delineare o correggere labbra, occhi, sopracciglia tramite innesto sottocutaneo di colore. &nbsp; Come? Come un vero e proprio tatuaggio ma con \u201ccolori\u201d e strumenti diversi, specifici per il derma del viso. Comodo e pratico, consente di essere&#8230; <\/p>\n<div class=\"read-more navbutton\"><a href=\"https:\/\/www.paolotosetto.it\/?page_id=1776\">Leggi tutto<i class=\"fa fa-angle-double-right\"><\/i><\/a><\/div>\n","protected":false},"author":1,"featured_media":0,"parent":0,"menu_order":0,"comment_status":"closed","ping_status":"closed","template":"page-templates\/full-width.php","meta":[],"_links":{"self":[{"href":"https:\/\/www.paolotosetto.it\/index.php?rest_route=\/wp\/v2\/pages\/1776"}],"collection":[{"href":"https:\/\/www.paolotosetto.it\/index.php?rest_route=\/wp\/v2\/pages"}],"about":[{"href":"https:\/\/www.paolotosetto.it\/index.php?rest_route=\/wp\/v2\/types\/page"}],"author":[{"embeddable":true,"href":"https:\/\/www.paolotosetto.it\/index.php?rest_route=\/wp\/v2\/users\/1"}],"replies":[{"embeddable":true,"href":"https:\/\/www.paolotosetto.it\/index.php?rest_route=%2Fwp%2Fv2%2Fcomments&post=1776"}],"version-history":[{"count":38,"href":"https:\/\/www.paolotosetto.it\/index.php?rest_route=\/wp\/v2\/pages\/1776\/revisions"}],"predecessor-version":[{"id":5157,"href":"https:\/\/www.paolotosetto.it\/index.php?rest_route=\/wp\/v2\/pages\/1776\/revisions\/5157"}],"wp:attachment":[{"href":"https:\/\/www.paolotosetto.it\/index.php?rest_route=%2Fwp%2Fv2%2Fmedia&parent=1776"}],"curies":[{"name":"wp","href":"https:\/\/api.w.org\/{rel}","templated":true}]}}